{"id":2,"date":"2023-06-26T20:00:03","date_gmt":"2023-06-26T20:00:03","guid":{"rendered":"https:\/\/heme.pt\/loja\/?page_id=2"},"modified":"2023-07-07T16:17:43","modified_gmt":"2023-07-07T16:17:43","slug":"sobre","status":"publish","type":"page","link":"https:\/\/heme.pt\/loja\/sobre\/","title":{"rendered":"Sobre"},"content":{"rendered":"\n\n\t<section class=\"section\" id=\"section_1334890861\">\n\t\t<div class=\"section-bg fill\" >\n\t\t\t\t\t\t\t\t\t\n\t\t\t\n\n\t\t<\/div>\n\n\t\t\n\n\t\t<div class=\"section-content relative\">\n\t\t\t\n\n  <div id=\"page-header-308191905\" class=\"page-header-wrapper\">\n  <div class=\"page-title light simple-title\">\n\n    \n    <div class=\"page-title-inner container align-center flex-row medium-flex-wrap\" >\n              <div class=\"title-wrapper is-xlarge flex-col text-left medium-text-center\">\n          <h1 class=\"entry-title mb-0\">\n            Sobre          <\/h1>\n        <\/div>\n                    <div class=\"title-content flex-col flex-right text-right medium-text-center\">\n        <ul class=\"nav sm-touch-scroll nav-bold nav-uppercase text-left nav-left\"><li class=\"nav-single-page hidden\"><\/li><\/ul>      <\/div>\n    <\/div>\n\n     \n<style>\n#page-header-308191905 {\n  margin-bottom: 20px;\n}\n<\/style>\n  <\/div>\n    <\/div>\n  \n\n\n\n<div><meta charset=\"UTF-8\"><\/div>\n<h2>Um pouco de tradi\u00e7\u00e3o contempor\u00e2nea no seu espa\u00e7o.<\/h2>\n<p>A HEME \u00e9 uma marca portuguesa que d\u00e1 corpo a um coletivo de criativos, designers e arquitetos, com interesse no design de mobili\u00e1rio e composi\u00e7\u00f5es art\u00edsticas.<\/p>\n<p><span>Existimos para criar pe\u00e7as \u00fanicas e intemporais, funcionais e camale\u00f3nicas com uma est\u00e9tica sedutora e controversa, que marquem positivamente a vida dos nossos clientes. <\/span><\/p>\n<p><span>Cada pe\u00e7a encerra em si uma experi\u00eancia \u00fanica de transforma\u00e7\u00e3o, desde o material bruto aos projetos meticulosamente pensados que culminam em pe\u00e7as com detalhe e rigor de alta qualidade \u2013 tal s\u00f3 \u00e9 poss\u00edvel aliando a experi\u00eancia dos artes\u00e3os com a tecnologia mais avan\u00e7ada e o pensamento cr\u00edtico do nosso coletivo.<\/span><\/p>\n<p><span>A HEME acredita que a sustentabilidade \u00e9 mais do que um conceito propaganda, a sustentabilidade \u00e9 o nosso princ\u00edpio de trabalho. Criar pe\u00e7as que respeitem o nosso mundo e que n\u00e3o comprometam de forma alguma as gera\u00e7\u00f5es futuras, \u00e9 o nosso objetivo. \u00c9 tamb\u00e9m por isso que as pe\u00e7as t\u00eam como uma das suas caracter\u00edsticas principais a durabilidade.<\/span><\/p>\n<p><span>Privilegiamos o uso de materiais nobres como madeiras maci\u00e7as de origem controlada, adquiridas de forma respons\u00e1vel e proveniente de florestas bem geridas, pedras naturais de pedreiras&nbsp;ambiental e socialmente respons\u00e1veis. Para al\u00e9m do cuidado na escolha e proveni\u00eancia das mat\u00e9rias-primas, os nossos m\u00e9todos passam pelo tratamento respons\u00e1vel dos desperd\u00edcios.&nbsp;<\/span><\/p>\n<p>Na HEME todas as pe\u00e7as s\u00e3o produzidas na nossa f\u00e1brica em Maceira no distrito de Leiria, localizada no centro do Pa\u00eds. Uma zona com a tradi\u00e7\u00e3o de trabalhar a madeira, iniciada quer na constru\u00e7\u00e3o naval quer na tanoaria &#8211; fabrico de vasilhames para armazenamento de vinho \u2013 ou na produ\u00e7\u00e3o da colher de pau e palitos artesanais, sendo uma arte ancestral. Hoje em dia muitas pe\u00e7as de carpintaria e marcenaria embarcam nesta regi\u00e3o para diversos pontos de Portugal e al\u00e9m fronteiras.<\/p>\n<p><span><em>&nbsp;<\/em><\/span><\/p>\n<h2>Moldar espa\u00e7os, moldar objectos, moldar detalhes.<\/h2>\n<p>Pe\u00e7as criadas para pertencerem a espa\u00e7os e a quem neles habita, passando a fazer parte da tradi\u00e7\u00e3o de cada um dos utilizadores que delas usufruem, de gera\u00e7\u00e3o em gera\u00e7\u00e3o, pois a qualidade dos materiais utilizados \u2013 a madeira maci\u00e7a e a pedra natural &#8211; perduram no tempo, assim como as pe\u00e7as tradicionais fabricadas nesta regi\u00e3o, assim fazendo com que a tradi\u00e7\u00e3o venha do passado rumo ao futuro.<\/p>\n<div><span><\/span><\/div>\n\n\n\t\t<\/div>\n\n\t\t\n<style>\n#section_1334890861 {\n  padding-top: 10px;\n  padding-bottom: 10px;\n}\n<\/style>\n\t<\/section>\n\t\n","protected":false},"excerpt":{"rendered":"","protected":false},"author":1,"featured_media":0,"parent":0,"menu_order":0,"comment_status":"closed","ping_status":"open","template":"","meta":{"footnotes":""},"class_list":["post-2","page","type-page","status-publish","hentry"],"_links":{"self":[{"href":"https:\/\/heme.pt\/loja\/wp-json\/wp\/v2\/pages\/2","targetHints":{"allow":["GET"]}}],"collection":[{"href":"https:\/\/heme.pt\/loja\/wp-json\/wp\/v2\/pages"}],"about":[{"href":"https:\/\/heme.pt\/loja\/wp-json\/wp\/v2\/types\/page"}],"author":[{"embeddable":true,"href":"https:\/\/heme.pt\/loja\/wp-json\/wp\/v2\/users\/1"}],"replies":[{"embeddable":true,"href":"https:\/\/heme.pt\/loja\/wp-json\/wp\/v2\/comments?post=2"}],"version-history":[{"count":5,"href":"https:\/\/heme.pt\/loja\/wp-json\/wp\/v2\/pages\/2\/revisions"}],"predecessor-version":[{"id":437,"href":"https:\/\/heme.pt\/loja\/wp-json\/wp\/v2\/pages\/2\/revisions\/437"}],"wp:attachment":[{"href":"https:\/\/heme.pt\/loja\/wp-json\/wp\/v2\/media?parent=2"}],"curies":[{"name":"wp","href":"https:\/\/api.w.org\/{rel}","templated":true}]}}