{"id":394,"date":"2023-06-27T22:04:46","date_gmt":"2023-06-27T22:04:46","guid":{"rendered":"https:\/\/heme.pt\/loja\/?page_id=394"},"modified":"2023-06-27T22:05:03","modified_gmt":"2023-06-27T22:05:03","slug":"materiais","status":"publish","type":"page","link":"https:\/\/heme.pt\/loja\/materiais\/","title":{"rendered":"Materiais"},"content":{"rendered":"\n\n\t<section class=\"section\" id=\"section_509444491\">\n\t\t<div class=\"section-bg fill\" >\n\t\t\t\t\t\t\t\t\t\n\t\t\t\n\n\t\t<\/div>\n\n\t\t\n\n\t\t<div class=\"section-content relative\">\n\t\t\t\n\n  <div id=\"page-header-1528948032\" class=\"page-header-wrapper\">\n  <div class=\"page-title light simple-title\">\n\n    \n    <div class=\"page-title-inner container align-center flex-row medium-flex-wrap\" >\n              <div class=\"title-wrapper is-xlarge flex-col text-left medium-text-center\">\n          <h1 class=\"entry-title mb-0\">\n            Materiais          <\/h1>\n        <\/div>\n                    <div class=\"title-content flex-col flex-right text-right medium-text-center\">\n        <ul class=\"nav sm-touch-scroll nav-bold nav-uppercase text-left nav-left\"><li class=\"nav-single-page hidden\"><\/li><\/ul>      <\/div>\n    <\/div>\n\n     \n<style>\n#page-header-1528948032 {\n  margin-bottom: 20px;\n}\n<\/style>\n  <\/div>\n    <\/div>\n  \n\n\n\n<p>As madeiras utilizadas na execu\u00e7\u00e3o das pe\u00e7as de design que se apresentam s\u00e3o madeiras maci\u00e7as de origem controlada, adquiridos de forma respons\u00e1vel, proveniente de florestas bem geridas.<\/p>\n<p><br>Os elementos em madeira s\u00e3o acabados com uma mistura de ceras de origem natural desenvolvida pela HEME que lhe conferem caracteristicas \u00fanicas de textura, cor e aroma real\u00e7ando em simult\u00e2neo o veio natural da madeira sem criar uma pel\u00edcula que impe\u00e7a que a mesma \u201crespire\u201d naturalmente; al\u00e9m disso \u00e9 um produto ecol\u00f3gico e com baixo teor de Compostos Org\u00e2nicos Vol\u00e1teis (COV).<\/p>\n<p><br>A pedra natural com acabamento polido, real\u00e7a as caracteristicas naturais \u00fanicas deste material que conferem um toque de eleg\u00e2ncia e versatilidade.<\/p>\n\n\t<div class=\"img has-hover x md-x lg-x y md-y lg-y\" id=\"image_435809715\">\n\t\t\t\t\t\t\t\t<div class=\"img-inner image-cover dark\" style=\"padding-top:480px;\">\n\t\t\t<img loading=\"lazy\" decoding=\"async\" width=\"369\" height=\"480\" src=\"https:\/\/heme.pt\/loja\/wp-content\/uploads\/2023\/06\/insta_1_480x480.webp\" class=\"attachment-original size-original\" alt=\"\" srcset=\"https:\/\/heme.pt\/loja\/wp-content\/uploads\/2023\/06\/insta_1_480x480.webp 369w, https:\/\/heme.pt\/loja\/wp-content\/uploads\/2023\/06\/insta_1_480x480-308x400.webp 308w\" sizes=\"auto, (max-width: 369px) 100vw, 369px\" \/>\t\t\t\t\t\t\n\t\t\t\t\t<\/div>\n\t\t\t\t\t\t\t\t\n<style>\n#image_435809715 {\n  width: 37%;\n}\n<\/style>\n\t<\/div>\n\t\n\n\n\t\t<\/div>\n\n\t\t\n<style>\n#section_509444491 {\n  padding-top: 10px;\n  padding-bottom: 10px;\n}\n<\/style>\n\t<\/section>\n\t\n","protected":false},"excerpt":{"rendered":"","protected":false},"author":1,"featured_media":0,"parent":0,"menu_order":0,"comment_status":"closed","ping_status":"open","template":"","meta":{"footnotes":""},"class_list":["post-394","page","type-page","status-publish","hentry"],"_links":{"self":[{"href":"https:\/\/heme.pt\/loja\/wp-json\/wp\/v2\/pages\/394","targetHints":{"allow":["GET"]}}],"collection":[{"href":"https:\/\/heme.pt\/loja\/wp-json\/wp\/v2\/pages"}],"about":[{"href":"https:\/\/heme.pt\/loja\/wp-json\/wp\/v2\/types\/page"}],"author":[{"embeddable":true,"href":"https:\/\/heme.pt\/loja\/wp-json\/wp\/v2\/users\/1"}],"replies":[{"embeddable":true,"href":"https:\/\/heme.pt\/loja\/wp-json\/wp\/v2\/comments?post=394"}],"version-history":[{"count":2,"href":"https:\/\/heme.pt\/loja\/wp-json\/wp\/v2\/pages\/394\/revisions"}],"predecessor-version":[{"id":397,"href":"https:\/\/heme.pt\/loja\/wp-json\/wp\/v2\/pages\/394\/revisions\/397"}],"wp:attachment":[{"href":"https:\/\/heme.pt\/loja\/wp-json\/wp\/v2\/media?parent=394"}],"curies":[{"name":"wp","href":"https:\/\/api.w.org\/{rel}","templated":true}]}}