{"id":398,"date":"2023-06-27T22:07:31","date_gmt":"2023-06-27T22:07:31","guid":{"rendered":"https:\/\/heme.pt\/loja\/?page_id=398"},"modified":"2023-10-20T22:58:17","modified_gmt":"2023-10-20T22:58:17","slug":"design","status":"publish","type":"page","link":"https:\/\/heme.pt\/loja\/design\/","title":{"rendered":"Design"},"content":{"rendered":"\n\n\t<section class=\"section\" id=\"section_1947494948\">\n\t\t<div class=\"section-bg fill\" >\n\t\t\t\t\t\t\t\t\t\n\t\t\t\n\n\t\t<\/div>\n\n\t\t\n\n\t\t<div class=\"section-content relative\">\n\t\t\t\n\n  <div id=\"page-header-1674235393\" class=\"page-header-wrapper\">\n  <div class=\"page-title light simple-title\">\n\n    \n    <div class=\"page-title-inner container align-center flex-row medium-flex-wrap\" >\n              <div class=\"title-wrapper is-xlarge flex-col text-left medium-text-center\">\n          <h1 class=\"entry-title mb-0\">\n            Design          <\/h1>\n        <\/div>\n                    <div class=\"title-content flex-col flex-right text-right medium-text-center\">\n        <ul class=\"nav sm-touch-scroll nav-bold nav-uppercase text-left nav-left\"><li class=\"nav-single-page hidden\"><\/li><\/ul>      <\/div>\n    <\/div>\n\n     \n<style>\n#page-header-1674235393 {\n  margin-bottom: 20px;\n}\n<\/style>\n  <\/div>\n    <\/div>\n  \n\n\n\n<meta charset=\"UTF-8\">\n<p>A nossa primeira cole\u00e7\u00e3o presta homenagem a v\u00e1rias localidades da regi\u00e3o centro, onde se situa a nossa f\u00e1brica, e \u00e0 sua tradi\u00e7\u00e3o na arte de trabalhar a madeira, dando nome \u00e0s pe\u00e7as que desenhamos e produzimos e que moldar\u00e3o um espa\u00e7o pr\u00f3prio, com as suas caracter\u00edsticas funcionais, vers\u00e1teis e sustent\u00e1veis.<\/p>\n<p>Pe\u00e7as feitas artesanalmente em que cada uma \u00e9 diferente e \u00fanica dentro da igualdade do desenho.<\/p>\n<p>&nbsp;<\/p>\n<p><strong><strong>A colec\u00e7\u00e3o \u00e9 desenhada pela&nbsp;arquiteta Filipa Taborda.<\/strong><\/strong><\/p>\n<p><em><strong><strong>\ufeff<\/strong><\/strong>Formas f\u00edsicas e org\u00e2nicas. Da constru\u00e7\u00e3o \u00e0 personalidade. Tudo \u00e9 uma forma.<\/em><\/p>\n<p><em>Abordando o espa\u00e7o entre formas positivas e negativas, \u00e9 nas pessoas que encontra a derradeira vis\u00e3o. Como a sua presen\u00e7a influencia e \u00e9 influenciada pelos cen\u00e1rios, ligando cada momento aos detalhes: a textura \u00e0 cor, a luz \u00e0 sombra, o vazio ao cheio; para conceber um romance secreto que move realidades visuais entre a massa e o v\u00e1cuo.&nbsp;<\/em><\/p>\n<p><em>\u00c9 nos detalhes que se descobre uma pessoa e \u00e9 tamb\u00e9m assim que se cria um espa\u00e7o. Por dentro e por fora.<\/em><\/p>\n<p><em>Filipa Taborda | shape inside out<\/em><\/p>\n<p><em>&nbsp;<\/em><\/p>\n<p><span style=\"color: #404040;\">\ufeffAs pe\u00e7as apresentadas est\u00e3o protegidas nos termos do C\u00f3digo dos Direitos de Autor, a favor de Filipa Taborda.<\/span><\/p>\n<p>&nbsp;<\/p>\n<p>Fotografia: Mariana Sousa<\/p>\n<p>Imagens: Attic 6<\/p>\n\n<p>&nbsp;<\/p>\n<p>&nbsp;<\/p>\n\n\t<div class=\"img has-hover x md-x lg-x y md-y lg-y\" id=\"image_17859580\">\n\t\t\t\t\t\t\t\t<div class=\"img-inner image-cover dark\" style=\"padding-top:480px;\">\n\t\t\t<img loading=\"lazy\" decoding=\"async\" width=\"480\" height=\"480\" src=\"https:\/\/heme.pt\/loja\/wp-content\/uploads\/2023\/06\/Praia_da_Vieira_P01.1_480x480.webp\" class=\"attachment-original size-original\" alt=\"\" srcset=\"https:\/\/heme.pt\/loja\/wp-content\/uploads\/2023\/06\/Praia_da_Vieira_P01.1_480x480.webp 480w, https:\/\/heme.pt\/loja\/wp-content\/uploads\/2023\/06\/Praia_da_Vieira_P01.1_480x480-400x400.webp 400w, https:\/\/heme.pt\/loja\/wp-content\/uploads\/2023\/06\/Praia_da_Vieira_P01.1_480x480-280x280.webp 280w, https:\/\/heme.pt\/loja\/wp-content\/uploads\/2023\/06\/Praia_da_Vieira_P01.1_480x480-100x100.webp 100w\" sizes=\"auto, (max-width: 480px) 100vw, 480px\" \/>\t\t\t\t\t\t\n\t\t\t\t\t<\/div>\n\t\t\t\t\t\t\t\t\n<style>\n#image_17859580 {\n  width: 37%;\n}\n<\/style>\n\t<\/div>\n\t\n\n\n\t\t<\/div>\n\n\t\t\n<style>\n#section_1947494948 {\n  padding-top: 10px;\n  padding-bottom: 10px;\n}\n<\/style>\n\t<\/section>\n\t\n","protected":false},"excerpt":{"rendered":"","protected":false},"author":1,"featured_media":0,"parent":0,"menu_order":0,"comment_status":"closed","ping_status":"open","template":"","meta":{"footnotes":""},"class_list":["post-398","page","type-page","status-publish","hentry"],"_links":{"self":[{"href":"https:\/\/heme.pt\/loja\/wp-json\/wp\/v2\/pages\/398","targetHints":{"allow":["GET"]}}],"collection":[{"href":"https:\/\/heme.pt\/loja\/wp-json\/wp\/v2\/pages"}],"about":[{"href":"https:\/\/heme.pt\/loja\/wp-json\/wp\/v2\/types\/page"}],"author":[{"embeddable":true,"href":"https:\/\/heme.pt\/loja\/wp-json\/wp\/v2\/users\/1"}],"replies":[{"embeddable":true,"href":"https:\/\/heme.pt\/loja\/wp-json\/wp\/v2\/comments?post=398"}],"version-history":[{"count":3,"href":"https:\/\/heme.pt\/loja\/wp-json\/wp\/v2\/pages\/398\/revisions"}],"predecessor-version":[{"id":402,"href":"https:\/\/heme.pt\/loja\/wp-json\/wp\/v2\/pages\/398\/revisions\/402"}],"wp:attachment":[{"href":"https:\/\/heme.pt\/loja\/wp-json\/wp\/v2\/media?parent=398"}],"curies":[{"name":"wp","href":"https:\/\/api.w.org\/{rel}","templated":true}]}}