{"id":411,"date":"2023-06-27T22:57:45","date_gmt":"2023-06-27T22:57:45","guid":{"rendered":"https:\/\/heme.pt\/loja\/?page_id=411"},"modified":"2023-10-20T21:48:12","modified_gmt":"2023-10-20T21:48:12","slug":"411-2","status":"publish","type":"page","link":"https:\/\/heme.pt\/loja\/","title":{"rendered":"Home"},"content":{"rendered":"\n\n  <div class=\"banner has-hover\" id=\"banner-1786607621\">\n          <div class=\"banner-inner fill\">\n        <div class=\"banner-bg fill\" >\n            <img loading=\"lazy\" decoding=\"async\" width=\"2048\" height=\"1277\" src=\"https:\/\/heme.pt\/loja\/wp-content\/uploads\/2023\/06\/Banner_Heme_Furniture-1-2048x1277.jpg\" class=\"bg attachment-2048x2048 size-2048x2048\" alt=\"\" \/>                        <div class=\"overlay\"><\/div>            \n\t<div class=\"is-border\"\n\t\tstyle=\"border-color:rgba(0, 0, 0, 0);border-width:100% 0px 100px 0px;margin:0px 0px 100px 0px;\">\n\t<\/div>\n                    <\/div>\n\t\t\n        <div class=\"banner-layers container\">\n            <div class=\"fill banner-link\"><\/div>            \n\n   <div id=\"text-box-917586516\" class=\"text-box banner-layer x95 md-x95 lg-x95 y50 md-y50 lg-y50 res-text\">\n                                <div class=\"text-box-content text dark\">\n              \n              <div class=\"text-inner text-right\">\n                  \n\n<h2 class=\"uppercase\">Heme<\/h2>\n<p>Conhe\u00e7a os nossos produtos.<\/p>\n<a href=\"\/shop\" class=\"button primary is-outline\" >\n\t\t<span>TODOS<\/span>\n\t<\/a>\n\n\n\n              <\/div>\n           <\/div>\n                            \n<style>\n#text-box-917586516 {\n  width: 60%;\n}\n#text-box-917586516 .text-box-content {\n  font-size: 100%;\n}\n@media (min-width:550px) {\n  #text-box-917586516 {\n    width: 40%;\n  }\n}\n<\/style>\n    <\/div>\n \n\n        <\/div>\n      <\/div>\n\n              <div class=\"height-fix is-invisible\"><img loading=\"lazy\" decoding=\"async\" width=\"2048\" height=\"1277\" src=\"https:\/\/heme.pt\/loja\/wp-content\/uploads\/2023\/06\/Banner_Heme_Furniture-1-2048x1277.jpg\" class=\"attachment-2048x2048 size-2048x2048\" alt=\"\" srcset=\"https:\/\/heme.pt\/loja\/wp-content\/uploads\/2023\/06\/Banner_Heme_Furniture-1-2048x1277.jpg 2048w, https:\/\/heme.pt\/loja\/wp-content\/uploads\/2023\/06\/Banner_Heme_Furniture-1-642x400.jpg 642w, https:\/\/heme.pt\/loja\/wp-content\/uploads\/2023\/06\/Banner_Heme_Furniture-1-1283x800.jpg 1283w, https:\/\/heme.pt\/loja\/wp-content\/uploads\/2023\/06\/Banner_Heme_Furniture-1-768x479.jpg 768w, https:\/\/heme.pt\/loja\/wp-content\/uploads\/2023\/06\/Banner_Heme_Furniture-1-1536x958.jpg 1536w, https:\/\/heme.pt\/loja\/wp-content\/uploads\/2023\/06\/Banner_Heme_Furniture-1-510x318.jpg 510w\" sizes=\"auto, (max-width: 2048px) 100vw, 2048px\" \/><\/div>\n            \n<style>\n#banner-1786607621 .overlay {\n  background-color: rgba(0, 0, 0, 0.192);\n}\n<\/style>\n  <\/div>\n\n\n<div class=\"is-divider divider clearfix\" style=\"margin-top:0px;margin-bottom:0px;height:100px;background-color:rgba(0, 0, 0, 0);\"><\/div>\n\n  <div id=\"page-header-44858639\" class=\"page-header-wrapper\">\n  <div class=\"page-title light simple-title\">\n\n    \n    <div class=\"page-title-inner container align-center text-center flex-row-col medium-flex-wrap\" >\n              <div class=\"title-wrapper flex-col\">\n          <h1 class=\"entry-title mb-0\">\n            Moldar espa\u00e7os, moldar objectos, moldar detalhes.          <\/h1>\n        <\/div>\n                    <div class=\"title-content flex-col\">\n        <div class=\"title-breadcrumbs pb-half pt-half\"><\/div>      <\/div>\n    <\/div>\n\n     \n<style>\n#page-header-44858639 .page-title-inner {\n  min-height: 100px;\n}\n#page-header-44858639 {\n  margin-bottom: 100px;\n}\n<\/style>\n  <\/div>\n    <\/div>\n  \n\n<div class=\"row\"  id=\"row-410974733\">\n\n\n\t<div id=\"col-1830907433\" class=\"col medium-6 small-12 large-6\"  >\n\t\t\t\t<div class=\"col-inner\"  >\n\t\t\t\n\t\t\t\n\n\t<div class=\"img has-hover x md-x lg-x y md-y lg-y\" id=\"image_1848126070\">\n\t\t\t\t\t\t\t\t<div class=\"img-inner dark\" >\n\t\t\t<img loading=\"lazy\" decoding=\"async\" width=\"758\" height=\"800\" src=\"https:\/\/heme.pt\/loja\/wp-content\/uploads\/2023\/06\/Conjunto_F23-1-758x800.jpg\" class=\"attachment-large size-large\" alt=\"\" srcset=\"https:\/\/heme.pt\/loja\/wp-content\/uploads\/2023\/06\/Conjunto_F23-1-758x800.jpg 758w, https:\/\/heme.pt\/loja\/wp-content\/uploads\/2023\/06\/Conjunto_F23-1-379x400.jpg 379w, https:\/\/heme.pt\/loja\/wp-content\/uploads\/2023\/06\/Conjunto_F23-1-768x810.jpg 768w, https:\/\/heme.pt\/loja\/wp-content\/uploads\/2023\/06\/Conjunto_F23-1-1456x1536.jpg 1456w, https:\/\/heme.pt\/loja\/wp-content\/uploads\/2023\/06\/Conjunto_F23-1-1942x2048.jpg 1942w, https:\/\/heme.pt\/loja\/wp-content\/uploads\/2023\/06\/Conjunto_F23-1-510x538.jpg 510w, https:\/\/heme.pt\/loja\/wp-content\/uploads\/2023\/06\/Conjunto_F23-1.jpg 1970w\" sizes=\"auto, (max-width: 758px) 100vw, 758px\" \/>\t\t\t\t\t\t\n\t\t\t\t\t<\/div>\n\t\t\t\t\t\t\t\t\n<style>\n#image_1848126070 {\n  width: 100%;\n}\n<\/style>\n\t<\/div>\n\t\n\n\n\t\t<\/div>\n\t\t\t\t\t<\/div>\n\n\t\n\n\t<div id=\"col-1209202828\" class=\"col medium-6 small-12 large-6\"  >\n\t\t\t\t<div class=\"col-inner text-center\"  >\n\t\t\t\n\t\t\t\n\n<div class=\"is-divider divider clearfix\" ><\/div>\n\n<div class=\"row\"  id=\"row-847000453\">\n\n\n\t<div id=\"col-1565093391\" class=\"col medium-1 small-12 large-1\"  >\n\t\t\t\t<div class=\"col-inner\"  >\n\t\t\t\n\t\t\t\n\n\n\t\t<\/div>\n\t\t\t\t\t<\/div>\n\n\t\n\n\t<div id=\"col-1313155253\" class=\"col medium-10 small-12 large-10\"  >\n\t\t\t\t<div class=\"col-inner\"  >\n\t\t\t\n\t\t\t\n\n\t<div id=\"text-1756745618\" class=\"text\">\n\t\t\n\n<p>Existimos para criar pe\u00e7as \u00fanicas e intemporais, funcionais e camale\u00f3nicas.<\/p>\n\t\t\n<style>\n#text-1756745618 {\n  line-height: 1.75;\n  text-align: left;\n}\n<\/style>\n\t<\/div>\n\t\n\n\t\t<\/div>\n\t\t\t\t\t<\/div>\n\n\t\n\n\t<div id=\"col-422752954\" class=\"col medium-1 small-12 large-1\"  >\n\t\t\t\t<div class=\"col-inner\"  >\n\t\t\t\n\t\t\t\n\n\n\t\t<\/div>\n\t\t\t\t\t<\/div>\n\n\t\n\n<\/div>\n\n\t\t<\/div>\n\t\t\t\t\t<\/div>\n\n\t\n\n<\/div>\n","protected":false},"excerpt":{"rendered":"","protected":false},"author":1,"featured_media":0,"parent":0,"menu_order":0,"comment_status":"closed","ping_status":"closed","template":"page-blank.php","meta":{"footnotes":""},"class_list":["post-411","page","type-page","status-publish","hentry"],"_links":{"self":[{"href":"https:\/\/heme.pt\/loja\/wp-json\/wp\/v2\/pages\/411","targetHints":{"allow":["GET"]}}],"collection":[{"href":"https:\/\/heme.pt\/loja\/wp-json\/wp\/v2\/pages"}],"about":[{"href":"https:\/\/heme.pt\/loja\/wp-json\/wp\/v2\/types\/page"}],"author":[{"embeddable":true,"href":"https:\/\/heme.pt\/loja\/wp-json\/wp\/v2\/users\/1"}],"replies":[{"embeddable":true,"href":"https:\/\/heme.pt\/loja\/wp-json\/wp\/v2\/comments?post=411"}],"version-history":[{"count":5,"href":"https:\/\/heme.pt\/loja\/wp-json\/wp\/v2\/pages\/411\/revisions"}],"predecessor-version":[{"id":418,"href":"https:\/\/heme.pt\/loja\/wp-json\/wp\/v2\/pages\/411\/revisions\/418"}],"wp:attachment":[{"href":"https:\/\/heme.pt\/loja\/wp-json\/wp\/v2\/media?parent=411"}],"curies":[{"name":"wp","href":"https:\/\/api.w.org\/{rel}","templated":true}]}}