{"id":427,"date":"2023-06-27T23:15:42","date_gmt":"2023-06-27T23:15:42","guid":{"rendered":"https:\/\/heme.pt\/loja\/?page_id=427"},"modified":"2023-07-27T20:09:29","modified_gmt":"2023-07-27T20:09:29","slug":"politica-de-privacidade","status":"publish","type":"page","link":"https:\/\/heme.pt\/loja\/politica-de-privacidade\/","title":{"rendered":"Pol\u00edtica de Privacidade"},"content":{"rendered":"\n\n\t<section class=\"section\" id=\"section_1624899932\">\n\t\t<div class=\"section-bg fill\" >\n\t\t\t\t\t\t\t\t\t\n\t\t\t\n\n\t\t<\/div>\n\n\t\t\n\n\t\t<div class=\"section-content relative\">\n\t\t\t\n\n  <div id=\"page-header-1144620643\" class=\"page-header-wrapper\">\n  <div class=\"page-title light simple-title\">\n\n    \n    <div class=\"page-title-inner container align-center flex-row medium-flex-wrap\" >\n              <div class=\"title-wrapper is-xlarge flex-col text-left medium-text-center\">\n          <h1 class=\"entry-title mb-0\">\n            Pol\u00edtica de Privacidade          <\/h1>\n        <\/div>\n                    <div class=\"title-content flex-col flex-right text-right medium-text-center\">\n        <ul class=\"nav sm-touch-scroll nav-bold nav-uppercase text-left nav-left\"><li class=\"nav-single-page hidden\"><\/li><\/ul>      <\/div>\n    <\/div>\n\n     \n<style>\n#page-header-1144620643 {\n  margin-bottom: 20px;\n}\n<\/style>\n  <\/div>\n    <\/div>\n  \n\n\n\n<meta charset=\"UTF-8\">\n<p class=\"\">HEME respeita a sua privacidade e ir\u00e1 processar os seus dados de forma segura e cuidada, de acordo com a legisla\u00e7\u00e3o RGPD. Garantimos que qualquer informa\u00e7\u00e3o que possamos solicitar, apenas ser\u00e1 utilizada com a nossa declara\u00e7\u00e3o de privacidade e os dados pessoais protegidos. Se deseja saber mais sobre a nossa pol\u00edtica de privacidade, pode ler a informa\u00e7\u00e3o abaixo que explica que tipo de dados recolhemos, como e para que fim. Tamb\u00e9m s\u00e3o descritos os seus direitos e como aplic\u00e1-los. Em caso de d\u00favida ou qualquer quest\u00e3o, pedidos ou reclama\u00e7\u00f5es, contacte-nos pelo e-mail heme@heme.pt.<\/p>\n<p class=\"\">&nbsp;<\/p>\n<p class=\"\">O QUE RECOLHEMOS E POR QU\u00ca<\/p>\n<p class=\"\" data-rte-preserve-empty=\"true\">Os dados pessoais que recolhemos s\u00e3o necess\u00e1rios se quiser fazer um pedido. Estes dados podem incluir o seu nome, morada, e-mail, entre outros. Apenas guardamos os dados que fornece quando preenche o formul\u00e1rio para entrega. Quando visita o nosso website, informa\u00e7\u00e3o como o endere\u00e7o IP ou a localiza\u00e7\u00e3o do servidor \u00e9 guardada com o objectivo de melhorar a experi\u00eancia do utilizador.&nbsp;<\/p>\n<p class=\"\" data-rte-preserve-empty=\"true\">&nbsp;<\/p>\n<h3><strong><\/strong><\/h3>\n<p class=\"\" data-rte-preserve-empty=\"true\">UTILIZA\u00c7\u00c3O DA INFORMA\u00c7\u00c3O&nbsp;<\/p>\n<p class=\"\" data-rte-preserve-empty=\"true\">Utilizamos os dados pessoais exclusivamente para completar e concretizar as suas encomendas, tratar de pedidos solicitados, bem como por raz\u00f5es estat\u00edsticas e anal\u00edticas. Por isso, o processamento dos seus dados pessoais poder\u00e1 ser necess\u00e1rio na execu\u00e7\u00e3o de um contrato entre as partes e de acordo exclusivamente com as citadas finalidades.&nbsp;<\/p>\n<p class=\"\" data-rte-preserve-empty=\"true\">&nbsp;<\/p>\n<p class=\"\" data-rte-preserve-empty=\"true\">COMO EST\u00c3O OS DADOS SEGUROS?<\/p>\n<p class=\"\" data-rte-preserve-empty=\"true\">Os dados recolhidos n\u00e3o ser\u00e3o partilhados, vendidos ou publicados, a n\u00e3o ser que sejam necess\u00e1rios para entrega dos nossos produtos (neste caso apenas partilhados com a empresa de transporte e entrega), para cumprimento de legisla\u00e7\u00e3o imperativa, para cumprimento de decis\u00e3o judicial ou administrativa ou se fizerem parte de colabora\u00e7\u00e3o com processadores de dados, os quais estar\u00e3o sempre sujeitos igualmente \u00e0s regras da presente pol\u00edtica de privacidade. Os seus dados n\u00e3o ser\u00e3o utilizados em qualquer assunto, ap\u00f3s o objectivo inicial para que foram recolhidos, apesar de serem guardados de forma an\u00f3nima, apenas para assuntos internos e legais. Se quiser que os seus dados sejam totalmente apagados da nossa base de dados, por favor indique-nos para procedermos de acordo, contactando-nos pelo e-mail heme@heme.pt.<\/p>\n<p class=\"\" data-rte-preserve-empty=\"true\">&nbsp;<\/p>\n<p class=\"\" data-rte-preserve-empty=\"true\">PROTE\u00c7\u00c3O DE INFORMA\u00c7\u00c3O PESSOAL<\/p>\n<h3><\/h3>\n<p class=\"\" data-rte-preserve-empty=\"true\">Respeitamos e queremos proteger a sua privacidade. Por isso, comprometem-nos a usar os dados apenas para o seu objetivo inicial.<\/p>\n<p class=\"\" data-rte-preserve-empty=\"true\">&nbsp;<\/p>\n<p class=\"\" data-rte-preserve-empty=\"true\">OS SEUS DIREITOS<\/p>\n<p class=\"\" data-rte-preserve-empty=\"true\">Tem o direito de aceder \u00e0 sua informa\u00e7\u00e3o pessoal que armazenamos, sujeita a obriga\u00e7\u00f5es excecionais. Al\u00e9m disso, tem o direito de ratificar os deus dados, assim como o direito de serem esquecidos, ou seja a elimina\u00e7\u00e3o ou retifica\u00e7\u00e3o dos seus dados. Tem tamb\u00e9m o direito de se opor ao armazenamento&nbsp;e processamento&nbsp;dos seus dados. Pode, igualmente, solicitar um resumo dos dados que recolhemos num formato de leitura.&nbsp;<\/p>\n<p class=\"\" data-rte-preserve-empty=\"true\">Podemos alterar a pol\u00edtica de privacidade, ocasionalmente, para manter esta p\u00e1gina atualizada ou para cumprimento de regras legais supervenientes, por isso aconselhamos a consultar esta mesma p\u00e1gina de tempos a tempos e certificar-se que concorda com as altera\u00e7\u00f5es.&nbsp;<\/p>\n<p class=\"\" data-rte-preserve-empty=\"true\">Se desejar fazer uma reclama\u00e7\u00e3o sobre a forma como tratamos os seus dados ou se tiver alguma quest\u00e3o, por favor contacte-nos atrav\u00e9s do e-mail heme@heme.pt.<\/p>\n<h3><\/h3>\n<p class=\"\">&nbsp;<\/p>\n\n\n\t\t<\/div>\n\n\t\t\n<style>\n#section_1624899932 {\n  padding-top: 10px;\n  padding-bottom: 10px;\n}\n<\/style>\n\t<\/section>\n\t\n","protected":false},"excerpt":{"rendered":"","protected":false},"author":1,"featured_media":0,"parent":0,"menu_order":0,"comment_status":"closed","ping_status":"open","template":"","meta":{"footnotes":""},"class_list":["post-427","page","type-page","status-publish","hentry"],"_links":{"self":[{"href":"https:\/\/heme.pt\/loja\/wp-json\/wp\/v2\/pages\/427","targetHints":{"allow":["GET"]}}],"collection":[{"href":"https:\/\/heme.pt\/loja\/wp-json\/wp\/v2\/pages"}],"about":[{"href":"https:\/\/heme.pt\/loja\/wp-json\/wp\/v2\/types\/page"}],"author":[{"embeddable":true,"href":"https:\/\/heme.pt\/loja\/wp-json\/wp\/v2\/users\/1"}],"replies":[{"embeddable":true,"href":"https:\/\/heme.pt\/loja\/wp-json\/wp\/v2\/comments?post=427"}],"version-history":[{"count":2,"href":"https:\/\/heme.pt\/loja\/wp-json\/wp\/v2\/pages\/427\/revisions"}],"predecessor-version":[{"id":429,"href":"https:\/\/heme.pt\/loja\/wp-json\/wp\/v2\/pages\/427\/revisions\/429"}],"wp:attachment":[{"href":"https:\/\/heme.pt\/loja\/wp-json\/wp\/v2\/media?parent=427"}],"curies":[{"name":"wp","href":"https:\/\/api.w.org\/{rel}","templated":true}]}}