{"id":14,"date":"2023-06-27T17:47:39","date_gmt":"2023-06-27T17:47:39","guid":{"rendered":"https:\/\/heme.pt\/loja\/produto\/aparador-esmoriz\/"},"modified":"2023-07-22T16:35:53","modified_gmt":"2023-07-22T16:35:53","slug":"aparador-esmoriz","status":"publish","type":"product","link":"https:\/\/heme.pt\/loja\/produto\/aparador-esmoriz\/","title":{"rendered":"Aparador ESMORIZ"},"content":{"rendered":"","protected":false},"excerpt":{"rendered":"<p>O aparador Esmoriz foi concebido para ser uma pe\u00e7a vers\u00e1til, trabalhada em todas as suas dimens\u00f5es e detalhes. Possui espa\u00e7o de arruma\u00e7\u00e3o aberto em cima e no meio, bem como gaveta e uma porta com arruma\u00e7\u00e3o interior.<\/p>\n","protected":false},"featured_media":82,"template":"","meta":[],"product_brand":[],"product_cat":[26],"product_tag":[],"class_list":{"0":"post-14","1":"product","2":"type-product","3":"status-publish","4":"has-post-thumbnail","6":"product_cat-mobiliario","8":"first","9":"onbackorder","10":"shipping-taxable","11":"purchasable","12":"product-type-simple"},"_links":{"self":[{"href":"https:\/\/heme.pt\/loja\/wp-json\/wp\/v2\/product\/14","targetHints":{"allow":["GET"]}}],"collection":[{"href":"https:\/\/heme.pt\/loja\/wp-json\/wp\/v2\/product"}],"about":[{"href":"https:\/\/heme.pt\/loja\/wp-json\/wp\/v2\/types\/product"}],"wp:featuredmedia":[{"embeddable":true,"href":"https:\/\/heme.pt\/loja\/wp-json\/wp\/v2\/media\/82"}],"wp:attachment":[{"href":"https:\/\/heme.pt\/loja\/wp-json\/wp\/v2\/media?parent=14"}],"wp:term":[{"taxonomy":"product_brand","embeddable":true,"href":"https:\/\/heme.pt\/loja\/wp-json\/wp\/v2\/product_brand?post=14"},{"taxonomy":"product_cat","embeddable":true,"href":"https:\/\/heme.pt\/loja\/wp-json\/wp\/v2\/product_cat?post=14"},{"taxonomy":"product_tag","embeddable":true,"href":"https:\/\/heme.pt\/loja\/wp-json\/wp\/v2\/product_tag?post=14"}],"curies":[{"name":"wp","href":"https:\/\/api.w.org\/{rel}","templated":true}]}}