{"id":20,"date":"2023-06-27T17:47:41","date_gmt":"2023-06-27T17:47:41","guid":{"rendered":"https:\/\/heme.pt\/loja\/produto\/aparador-movel-bar-cantanhede\/"},"modified":"2023-07-22T17:50:16","modified_gmt":"2023-07-22T17:50:16","slug":"aparador-movel-bar-cantanhede","status":"publish","type":"product","link":"https:\/\/heme.pt\/loja\/produto\/aparador-movel-bar-cantanhede\/","title":{"rendered":"Aparador \/ m\u00f3vel bar CANTANHEDE"},"content":{"rendered":"","protected":false},"excerpt":{"rendered":"<p>O aparador \/ m\u00f3vel bar Cantanhede apresenta um desenho vers\u00e1til e funcional, constituindo-se tamb\u00e9m como uma pe\u00e7a decorativa.\u00a0Possui arruma\u00e7\u00e3o no topo, duas gavetas e uma prateleira em baixo para coloca\u00e7\u00e3o de garrafas.<\/p>\n","protected":false},"featured_media":66,"template":"","meta":[],"product_brand":[],"product_cat":[28],"product_tag":[],"class_list":{"0":"post-20","1":"product","2":"type-product","3":"status-publish","4":"has-post-thumbnail","6":"product_cat-armarios-e-armazenamento","8":"first","9":"onbackorder","10":"shipping-taxable","11":"purchasable","12":"product-type-simple"},"_links":{"self":[{"href":"https:\/\/heme.pt\/loja\/wp-json\/wp\/v2\/product\/20","targetHints":{"allow":["GET"]}}],"collection":[{"href":"https:\/\/heme.pt\/loja\/wp-json\/wp\/v2\/product"}],"about":[{"href":"https:\/\/heme.pt\/loja\/wp-json\/wp\/v2\/types\/product"}],"wp:featuredmedia":[{"embeddable":true,"href":"https:\/\/heme.pt\/loja\/wp-json\/wp\/v2\/media\/66"}],"wp:attachment":[{"href":"https:\/\/heme.pt\/loja\/wp-json\/wp\/v2\/media?parent=20"}],"wp:term":[{"taxonomy":"product_brand","embeddable":true,"href":"https:\/\/heme.pt\/loja\/wp-json\/wp\/v2\/product_brand?post=20"},{"taxonomy":"product_cat","embeddable":true,"href":"https:\/\/heme.pt\/loja\/wp-json\/wp\/v2\/product_cat?post=20"},{"taxonomy":"product_tag","embeddable":true,"href":"https:\/\/heme.pt\/loja\/wp-json\/wp\/v2\/product_tag?post=20"}],"curies":[{"name":"wp","href":"https:\/\/api.w.org\/{rel}","templated":true}]}}