{"id":24,"date":"2023-06-27T17:47:41","date_gmt":"2023-06-27T17:47:41","guid":{"rendered":"https:\/\/heme.pt\/loja\/produto\/candeeiro-ria-de-aveiro\/"},"modified":"2023-07-22T17:54:29","modified_gmt":"2023-07-22T17:54:29","slug":"candeeiro-ria-de-aveiro","status":"publish","type":"product","link":"https:\/\/heme.pt\/loja\/produto\/candeeiro-ria-de-aveiro\/","title":{"rendered":"Candeeiro RIA DE AVEIRO"},"content":{"rendered":"","protected":false},"excerpt":{"rendered":"<p>O candeeiro de mesa Ria de Aveiro foi criado para completar a ilumina\u00e7\u00e3o de qualquer espa\u00e7o, funcionando como uma moldura de luz.<\/p>\n","protected":false},"featured_media":136,"template":"","meta":[],"product_brand":[],"product_cat":[27],"product_tag":[],"class_list":{"0":"post-24","1":"product","2":"type-product","3":"status-publish","4":"has-post-thumbnail","6":"product_cat-decoracao","8":"first","9":"onbackorder","10":"shipping-taxable","11":"purchasable","12":"product-type-simple"},"_links":{"self":[{"href":"https:\/\/heme.pt\/loja\/wp-json\/wp\/v2\/product\/24","targetHints":{"allow":["GET"]}}],"collection":[{"href":"https:\/\/heme.pt\/loja\/wp-json\/wp\/v2\/product"}],"about":[{"href":"https:\/\/heme.pt\/loja\/wp-json\/wp\/v2\/types\/product"}],"wp:featuredmedia":[{"embeddable":true,"href":"https:\/\/heme.pt\/loja\/wp-json\/wp\/v2\/media\/136"}],"wp:attachment":[{"href":"https:\/\/heme.pt\/loja\/wp-json\/wp\/v2\/media?parent=24"}],"wp:term":[{"taxonomy":"product_brand","embeddable":true,"href":"https:\/\/heme.pt\/loja\/wp-json\/wp\/v2\/product_brand?post=24"},{"taxonomy":"product_cat","embeddable":true,"href":"https:\/\/heme.pt\/loja\/wp-json\/wp\/v2\/product_cat?post=24"},{"taxonomy":"product_tag","embeddable":true,"href":"https:\/\/heme.pt\/loja\/wp-json\/wp\/v2\/product_tag?post=24"}],"curies":[{"name":"wp","href":"https:\/\/api.w.org\/{rel}","templated":true}]}}