{"id":29,"date":"2023-06-27T17:47:41","date_gmt":"2023-06-27T17:47:41","guid":{"rendered":"https:\/\/heme.pt\/loja\/produto\/mesa-de-apoio-arganil\/"},"modified":"2023-07-22T17:48:41","modified_gmt":"2023-07-22T17:48:41","slug":"mesa-de-apoio-arganil","status":"publish","type":"product","link":"https:\/\/heme.pt\/loja\/produto\/mesa-de-apoio-arganil\/","title":{"rendered":"Mesa de apoio ARGANIL"},"content":{"rendered":"","protected":false},"excerpt":{"rendered":"<p>A mesa de apoio Arganil \u00e9 camale\u00f3nica, transmitindo eleg\u00e2ncia e versatilidade pelas pe\u00e7as que a comp\u00f5em. Possui tampo redondo em madeira e pedra. A possibilidade de adicionar duas pe\u00e7as retil\u00edneas, permite transformar-la\u00a0numa mesa quadrangular e assim assumir uma nova configura\u00e7\u00e3o.<\/p>\n","protected":false},"featured_media":67,"template":"","meta":[],"product_brand":[],"product_cat":[29],"product_tag":[],"class_list":{"0":"post-29","1":"product","2":"type-product","3":"status-publish","4":"has-post-thumbnail","6":"product_cat-cadeiras","8":"first","9":"onbackorder","10":"shipping-taxable","11":"purchasable","12":"product-type-simple"},"_links":{"self":[{"href":"https:\/\/heme.pt\/loja\/wp-json\/wp\/v2\/product\/29","targetHints":{"allow":["GET"]}}],"collection":[{"href":"https:\/\/heme.pt\/loja\/wp-json\/wp\/v2\/product"}],"about":[{"href":"https:\/\/heme.pt\/loja\/wp-json\/wp\/v2\/types\/product"}],"wp:featuredmedia":[{"embeddable":true,"href":"https:\/\/heme.pt\/loja\/wp-json\/wp\/v2\/media\/67"}],"wp:attachment":[{"href":"https:\/\/heme.pt\/loja\/wp-json\/wp\/v2\/media?parent=29"}],"wp:term":[{"taxonomy":"product_brand","embeddable":true,"href":"https:\/\/heme.pt\/loja\/wp-json\/wp\/v2\/product_brand?post=29"},{"taxonomy":"product_cat","embeddable":true,"href":"https:\/\/heme.pt\/loja\/wp-json\/wp\/v2\/product_cat?post=29"},{"taxonomy":"product_tag","embeddable":true,"href":"https:\/\/heme.pt\/loja\/wp-json\/wp\/v2\/product_tag?post=29"}],"curies":[{"name":"wp","href":"https:\/\/api.w.org\/{rel}","templated":true}]}}