{"id":39,"date":"2023-06-27T17:47:42","date_gmt":"2023-06-27T17:47:42","guid":{"rendered":"https:\/\/heme.pt\/loja\/produto\/mesa-de-apoio-constancia\/"},"modified":"2023-07-22T17:52:29","modified_gmt":"2023-07-22T17:52:29","slug":"mesa-de-apoio-constancia","status":"publish","type":"product","link":"https:\/\/heme.pt\/loja\/produto\/mesa-de-apoio-constancia\/","title":{"rendered":"Mesa de Apoio CONST\u00c2NCIA"},"content":{"rendered":"","protected":false},"excerpt":{"rendered":"<p>A mesa de apoio Const\u00e2ncia foi desenhada para ser simples e elegante, atrav\u00e9s de planos de madeira onde sobressai o detalhe dos encaixes e os apontamentos em pedra natural.<span class=\"Apple-converted-space\">\u00a0<\/span><\/p>\n","protected":false},"featured_media":81,"template":"","meta":[],"product_brand":[],"product_cat":[26],"product_tag":[],"class_list":{"0":"post-39","1":"product","2":"type-product","3":"status-publish","4":"has-post-thumbnail","6":"product_cat-mobiliario","8":"first","9":"onbackorder","10":"shipping-taxable","11":"purchasable","12":"product-type-simple"},"_links":{"self":[{"href":"https:\/\/heme.pt\/loja\/wp-json\/wp\/v2\/product\/39","targetHints":{"allow":["GET"]}}],"collection":[{"href":"https:\/\/heme.pt\/loja\/wp-json\/wp\/v2\/product"}],"about":[{"href":"https:\/\/heme.pt\/loja\/wp-json\/wp\/v2\/types\/product"}],"wp:featuredmedia":[{"embeddable":true,"href":"https:\/\/heme.pt\/loja\/wp-json\/wp\/v2\/media\/81"}],"wp:attachment":[{"href":"https:\/\/heme.pt\/loja\/wp-json\/wp\/v2\/media?parent=39"}],"wp:term":[{"taxonomy":"product_brand","embeddable":true,"href":"https:\/\/heme.pt\/loja\/wp-json\/wp\/v2\/product_brand?post=39"},{"taxonomy":"product_cat","embeddable":true,"href":"https:\/\/heme.pt\/loja\/wp-json\/wp\/v2\/product_cat?post=39"},{"taxonomy":"product_tag","embeddable":true,"href":"https:\/\/heme.pt\/loja\/wp-json\/wp\/v2\/product_tag?post=39"}],"curies":[{"name":"wp","href":"https:\/\/api.w.org\/{rel}","templated":true}]}}