{"id":44,"date":"2023-06-27T17:47:43","date_gmt":"2023-06-27T17:47:43","guid":{"rendered":"https:\/\/heme.pt\/loja\/produto\/mesa-de-centro-aparador-penacova\/"},"modified":"2023-07-27T20:55:14","modified_gmt":"2023-07-27T20:55:14","slug":"mesa-de-centro-aparador-penacova","status":"publish","type":"product","link":"https:\/\/heme.pt\/loja\/produto\/mesa-de-centro-aparador-penacova\/","title":{"rendered":"Mesa de centro \/ aparador PENACOVA"},"content":{"rendered":"","protected":false},"excerpt":{"rendered":"<p>A mesa de centro \/ aparador Penacova alia leveza, funcionalidade e versatilidade na sua composi\u00e7\u00e3o. O tampo de madeira cont\u00e9m um recorte onde encaixa um tabuleiro em pedra amov\u00edvel, pr\u00e1tico para servir um aperitivo e partilhar momentos.<\/p>\n","protected":false},"featured_media":119,"template":"","meta":[],"product_brand":[],"product_cat":[26],"product_tag":[],"class_list":{"0":"post-44","1":"product","2":"type-product","3":"status-publish","4":"has-post-thumbnail","6":"product_cat-mobiliario","8":"first","9":"onbackorder","10":"shipping-taxable","11":"purchasable","12":"product-type-simple"},"_links":{"self":[{"href":"https:\/\/heme.pt\/loja\/wp-json\/wp\/v2\/product\/44","targetHints":{"allow":["GET"]}}],"collection":[{"href":"https:\/\/heme.pt\/loja\/wp-json\/wp\/v2\/product"}],"about":[{"href":"https:\/\/heme.pt\/loja\/wp-json\/wp\/v2\/types\/product"}],"wp:featuredmedia":[{"embeddable":true,"href":"https:\/\/heme.pt\/loja\/wp-json\/wp\/v2\/media\/119"}],"wp:attachment":[{"href":"https:\/\/heme.pt\/loja\/wp-json\/wp\/v2\/media?parent=44"}],"wp:term":[{"taxonomy":"product_brand","embeddable":true,"href":"https:\/\/heme.pt\/loja\/wp-json\/wp\/v2\/product_brand?post=44"},{"taxonomy":"product_cat","embeddable":true,"href":"https:\/\/heme.pt\/loja\/wp-json\/wp\/v2\/product_cat?post=44"},{"taxonomy":"product_tag","embeddable":true,"href":"https:\/\/heme.pt\/loja\/wp-json\/wp\/v2\/product_tag?post=44"}],"curies":[{"name":"wp","href":"https:\/\/api.w.org\/{rel}","templated":true}]}}