{"id":58,"date":"2023-06-27T17:47:43","date_gmt":"2023-06-27T17:47:43","guid":{"rendered":"https:\/\/heme.pt\/loja\/produto\/mesa-de-centro-praia-da-vieira\/"},"modified":"2023-07-22T17:53:18","modified_gmt":"2023-07-22T17:53:18","slug":"mesa-de-centro-praia-da-vieira","status":"publish","type":"product","link":"https:\/\/heme.pt\/loja\/produto\/mesa-de-centro-praia-da-vieira\/","title":{"rendered":"Mesa de Centro PRAIA DA VIEIRA"},"content":{"rendered":"","protected":false},"excerpt":{"rendered":"<p>A mesa de centro Praia da Viera \u00e9 uma pe\u00e7a com um protagonismo pr\u00f3prio, composta por um conjunto de planos tipo <em>tetris,<\/em> que se ligam uns aos outros, em madeira e pedra natural.<\/p>\n","protected":false},"featured_media":122,"template":"","meta":[],"product_brand":[],"product_cat":[26],"product_tag":[],"class_list":{"0":"post-58","1":"product","2":"type-product","3":"status-publish","4":"has-post-thumbnail","6":"product_cat-mobiliario","8":"first","9":"onbackorder","10":"shipping-taxable","11":"purchasable","12":"product-type-simple"},"_links":{"self":[{"href":"https:\/\/heme.pt\/loja\/wp-json\/wp\/v2\/product\/58","targetHints":{"allow":["GET"]}}],"collection":[{"href":"https:\/\/heme.pt\/loja\/wp-json\/wp\/v2\/product"}],"about":[{"href":"https:\/\/heme.pt\/loja\/wp-json\/wp\/v2\/types\/product"}],"wp:featuredmedia":[{"embeddable":true,"href":"https:\/\/heme.pt\/loja\/wp-json\/wp\/v2\/media\/122"}],"wp:attachment":[{"href":"https:\/\/heme.pt\/loja\/wp-json\/wp\/v2\/media?parent=58"}],"wp:term":[{"taxonomy":"product_brand","embeddable":true,"href":"https:\/\/heme.pt\/loja\/wp-json\/wp\/v2\/product_brand?post=58"},{"taxonomy":"product_cat","embeddable":true,"href":"https:\/\/heme.pt\/loja\/wp-json\/wp\/v2\/product_cat?post=58"},{"taxonomy":"product_tag","embeddable":true,"href":"https:\/\/heme.pt\/loja\/wp-json\/wp\/v2\/product_tag?post=58"}],"curies":[{"name":"wp","href":"https:\/\/api.w.org\/{rel}","templated":true}]}}