{"id":63,"date":"2023-06-27T17:47:44","date_gmt":"2023-06-27T17:47:44","guid":{"rendered":"https:\/\/heme.pt\/loja\/produto\/mesa-de-centro-praia-da-vieira-edicao-limitada\/"},"modified":"2023-07-22T17:36:37","modified_gmt":"2023-07-22T17:36:37","slug":"mesa-de-centro-praia-da-vieira-edicao-limitada","status":"publish","type":"product","link":"https:\/\/heme.pt\/loja\/produto\/mesa-de-centro-praia-da-vieira-edicao-limitada\/","title":{"rendered":"Mesa de Centro Praia da Vieira &#8211; Edi\u00e7\u00e3o Limitada"},"content":{"rendered":"","protected":false},"excerpt":{"rendered":"<p>A mesa de centro Praia da Viera \u00e9 uma pe\u00e7a com um protagonismo pr\u00f3prio, composta por um conjunto de planos tipo tetris, que se ligam uns aos outros, em madeira com uma pe\u00e7a central em bordado punch needle, executado pela artista Carolina Vaz.<\/p>\n<p>Inclui vidro protector por cima do bordado.<\/p>\n","protected":false},"featured_media":124,"template":"","meta":[],"product_brand":[],"product_cat":[26],"product_tag":[],"class_list":{"0":"post-63","1":"product","2":"type-product","3":"status-publish","4":"has-post-thumbnail","6":"product_cat-mobiliario","8":"first","9":"onbackorder","10":"shipping-taxable","11":"purchasable","12":"product-type-simple"},"_links":{"self":[{"href":"https:\/\/heme.pt\/loja\/wp-json\/wp\/v2\/product\/63","targetHints":{"allow":["GET"]}}],"collection":[{"href":"https:\/\/heme.pt\/loja\/wp-json\/wp\/v2\/product"}],"about":[{"href":"https:\/\/heme.pt\/loja\/wp-json\/wp\/v2\/types\/product"}],"wp:featuredmedia":[{"embeddable":true,"href":"https:\/\/heme.pt\/loja\/wp-json\/wp\/v2\/media\/124"}],"wp:attachment":[{"href":"https:\/\/heme.pt\/loja\/wp-json\/wp\/v2\/media?parent=63"}],"wp:term":[{"taxonomy":"product_brand","embeddable":true,"href":"https:\/\/heme.pt\/loja\/wp-json\/wp\/v2\/product_brand?post=63"},{"taxonomy":"product_cat","embeddable":true,"href":"https:\/\/heme.pt\/loja\/wp-json\/wp\/v2\/product_cat?post=63"},{"taxonomy":"product_tag","embeddable":true,"href":"https:\/\/heme.pt\/loja\/wp-json\/wp\/v2\/product_tag?post=63"}],"curies":[{"name":"wp","href":"https:\/\/api.w.org\/{rel}","templated":true}]}}